{"id":86,"date":"2012-03-14T13:04:44","date_gmt":"2012-03-14T13:04:44","guid":{"rendered":"http:\/\/www.webtvrennes.com\/pascal-poirier\/?page_id=86"},"modified":"2023-12-15T08:39:01","modified_gmt":"2023-12-15T08:39:01","slug":"tarifs-13","status":"publish","type":"page","link":"https:\/\/www.pascal-poirier.com\/?page_id=86","title":{"rendered":"Tarifs et contact"},"content":{"rendered":"<h2>Tarifs<\/h2>\n<p><strong>\u2022 Coupe graphique :<\/strong><br \/>\nConsultation + Shampoing d\u00e9tente + Coupe graphique + Coiffage<\/p>\n<p style=\"text-align: right;\">Homme : 30 \u20ac Femme : 50 \u20ac<\/p>\n<p><strong>\u2022 Coupe \u00c9nerg\u00e9tique: 1h00<\/strong><br \/>\nConsultation+ Shampooing d\u00e9tente + Massage shiatsu cr\u00e2nien<br \/>\n+ Coupe \u00c9nerg\u00e9tique + Coiffage<\/p>\n<p style=\"text-align: right;\">78 \u20ac<\/p>\n<p><strong>\u2022 D\u00e9codage psycho-capillaire et Coupe \u00c9nerg\u00e9tique : 1h45<\/strong><br \/>\nConsultation + Lois des Cinq principes + D\u00e9codage + Shampooing d\u00e9tente + Massage shiatsu cr\u00e2nien + Coupe \u00c9nerg\u00e9tique + Coiffage<\/p>\n<p style=\"text-align: right;\">150 \u20ac<\/p>\n<h2>Contact<\/h2>\n<p><a href=\"http:\/\/g.co\/maps\/cszcj\" target=\"_blank\" rel=\"noopener\">13, rue de Belfort<br \/>\n1er \u00e9tage \u00e0 gauche<br \/>\n35000 RENNES<\/a><\/p>\n<p>06 82 83 64 51<br \/>\nsur rendez-vous<\/p>\n<p style=\"text-align: center;\"><a href=\"http:\/\/g.co\/maps\/cszcj\" target=\"_blank\" rel=\"noopener\"><img class=\"aligncenter\" title=\"PASCAL_POIRIER_plan\" src=\"https:\/\/www.pascal-poirier.com\/wp-content\/uploads\/2012\/03\/plan.jpg\" alt=\"\" \/><\/a><\/p>\n","protected":false},"excerpt":{"rendered":"<p>Tarifs \u2022 Coupe graphique : Consultation + Shampoing d\u00e9tente + Coupe graphique + Coiffage Homme : 30 \u20ac Femme : 50 \u20ac \u2022 Coupe \u00c9nerg\u00e9tique: 1h00 Consultation+ Shampooing d\u00e9tente + Massage shiatsu cr\u00e2nien + Coupe \u00c9nerg\u00e9tique + Coiffage 78 \u20ac \u2022 D\u00e9codage psycho-capillaire et Coupe \u00c9nerg\u00e9tique : 1h45 Consultation + Lois des Cinq principes + &hellip; <\/p>\n<p class=\"link-more\"><a href=\"https:\/\/www.pascal-poirier.com\/?page_id=86\" class=\"more-link\">Continuer la lecture<span class=\"screen-reader-text\"> de &laquo;&nbsp;Tarifs et contact&nbsp;&raquo;<\/span><\/a><\/p>\n","protected":false},"author":1,"featured_media":0,"parent":0,"menu_order":13,"comment_status":"closed","ping_status":"closed","template":"","meta":[],"aioseo_notices":[],"_links":{"self":[{"href":"https:\/\/www.pascal-poirier.com\/index.php?rest_route=\/wp\/v2\/pages\/86"}],"collection":[{"href":"https:\/\/www.pascal-poirier.com\/index.php?rest_route=\/wp\/v2\/pages"}],"about":[{"href":"https:\/\/www.pascal-poirier.com\/index.php?rest_route=\/wp\/v2\/types\/page"}],"author":[{"embeddable":true,"href":"https:\/\/www.pascal-poirier.com\/index.php?rest_route=\/wp\/v2\/users\/1"}],"replies":[{"embeddable":true,"href":"https:\/\/www.pascal-poirier.com\/index.php?rest_route=%2Fwp%2Fv2%2Fcomments&post=86"}],"version-history":[{"count":15,"href":"https:\/\/www.pascal-poirier.com\/index.php?rest_route=\/wp\/v2\/pages\/86\/revisions"}],"predecessor-version":[{"id":353,"href":"https:\/\/www.pascal-poirier.com\/index.php?rest_route=\/wp\/v2\/pages\/86\/revisions\/353"}],"wp:attachment":[{"href":"https:\/\/www.pascal-poirier.com\/index.php?rest_route=%2Fwp%2Fv2%2Fmedia&parent=86"}],"curies":[{"name":"wp","href":"https:\/\/api.w.org\/{rel}","templated":true}]}}