{"id":81,"date":"2012-03-14T13:02:15","date_gmt":"2012-03-14T13:02:15","guid":{"rendered":"http:\/\/www.webtvrennes.com\/pascal-poirier\/?page_id=81"},"modified":"2018-09-19T17:02:33","modified_gmt":"2018-09-19T17:02:33","slug":"consultation-conseil-visagisme-11","status":"publish","type":"page","link":"https:\/\/www.pascal-poirier.com\/?page_id=81","title":{"rendered":"Consultation conseil visagisme"},"content":{"rendered":"<p>Cr\u00e9ation sur mesure adapt\u00e9e \u00e0 votre personnalit\u00e9, votre morphologie.<\/p>\n<p>Durant la consultation, je suis \u00e0 l&rsquo;\u00e9coute de vos besoins et envies afin de capter l&rsquo;\u00e9tat d&rsquo;esprit du moment et ainsi mieux vous conseiller.<\/p>\n<p>Inspir\u00e9 de votre pr\u00e9sence, je r\u00e9v\u00e8le la coupe en accord avec votre identit\u00e9.<\/p>\n<p style=\"text-align: center;\"><a href=\"http:\/\/www.webtvrennes.com\/pascal-poirier\/wp-content\/uploads\/2012\/03\/portrait-visagiste.jpg\"><img loading=\"lazy\" width=\"450\" height=\"370\" class=\"aligncenter size-full wp-image-115\" title=\"PASCAL_POIRIER_portrait-visagiste\" src=\"https:\/\/www.pascal-poirier.com\/wp-content\/uploads\/2012\/03\/portrait-visagiste.jpg\" alt=\"\" srcset=\"https:\/\/www.pascal-poirier.com\/wp-content\/uploads\/2012\/03\/portrait-visagiste.jpg 450w, https:\/\/www.pascal-poirier.com\/wp-content\/uploads\/2012\/03\/portrait-visagiste-300x246.jpg 300w\" sizes=\"(max-width: 450px) 100vw, 450px\" \/><\/a><\/p>\n<h2>T\u00e9moignage d&rsquo;Anne<\/h2>\n<p><em>Se faire coiffer par Pascal c&rsquo;est quoi ?<\/em><\/p>\n<p>C\u2019est un lieu chaleureux, intimiste qui pr\u00eate \u00e0 la d\u00e9tente et \u00e0 la r\u00e9flexion.<br \/>\nC\u2019est un seul client et un seul coiffeur qui ne s\u2019int\u00e9resse donc qu&rsquo;\u00e0 moi.<br \/>\nCe sont des moments privil\u00e9gi\u00e9s qui s&rsquo;alternent avec de vrais \u00e9changes.<br \/>\nC\u2019est quelqu&rsquo;un qui s&rsquo;adapte \u00e0 ma personnalit\u00e9 et \u00e0 mes envies du moment.<br \/>\nC&rsquo;est une coupe qui me ressemble \u00e0 chaque fois.<\/p>\n<p>Bref c&rsquo;est une nouvelle fa\u00e7on de se faire couper les cheveux et maintenant je ne pourrais plus en changer<\/p>\n<h2>T\u00e9moignage de Michelle<\/h2>\n<p>Tout d&rsquo;abord, je vous remercie Pascal pour cette belle attention que vous portez lors du rendez-vous et l&rsquo;\u00e9coute subtile que vous manifestez.<\/p>\n<p>J&rsquo;ai ressenti toute une vibration dans mon corps, comme un r\u00e9veil. Dans la seconde partie, c&rsquo;\u00e9tait comme si mes cheveux dialoguaient avec vous. Je sentais que la coupe en cr\u00e9ation \u00e9tait exactement ce dont j&rsquo;avais besoin.<\/p>\n<p>Et lorsque je me suis vue, il \u00e9manait de moi une harmonie que je n&rsquo;avais encore jamais \u00e9prouv\u00e9e aussi totalement. Depuis, ils ont retrouv\u00e9 leur souplesse et je me sens vraiment en accord avec moi-m\u00eame avec une envie nouvelle de l&rsquo;affirmer.<\/p>\n","protected":false},"excerpt":{"rendered":"<p>Cr\u00e9ation sur mesure adapt\u00e9e \u00e0 votre personnalit\u00e9, votre morphologie. Durant la consultation, je suis \u00e0 l&rsquo;\u00e9coute de vos besoins et envies afin de capter l&rsquo;\u00e9tat d&rsquo;esprit du moment et ainsi mieux vous conseiller. Inspir\u00e9 de votre pr\u00e9sence, je r\u00e9v\u00e8le la coupe en accord avec votre identit\u00e9. T\u00e9moignage d&rsquo;Anne Se faire coiffer par Pascal c&rsquo;est quoi &hellip; <\/p>\n<p class=\"link-more\"><a href=\"https:\/\/www.pascal-poirier.com\/?page_id=81\" class=\"more-link\">Continuer la lecture<span class=\"screen-reader-text\"> de &laquo;&nbsp;Consultation conseil visagisme&nbsp;&raquo;<\/span><\/a><\/p>\n","protected":false},"author":1,"featured_media":0,"parent":0,"menu_order":11,"comment_status":"closed","ping_status":"closed","template":"","meta":[],"aioseo_notices":[],"_links":{"self":[{"href":"https:\/\/www.pascal-poirier.com\/index.php?rest_route=\/wp\/v2\/pages\/81"}],"collection":[{"href":"https:\/\/www.pascal-poirier.com\/index.php?rest_route=\/wp\/v2\/pages"}],"about":[{"href":"https:\/\/www.pascal-poirier.com\/index.php?rest_route=\/wp\/v2\/types\/page"}],"author":[{"embeddable":true,"href":"https:\/\/www.pascal-poirier.com\/index.php?rest_route=\/wp\/v2\/users\/1"}],"replies":[{"embeddable":true,"href":"https:\/\/www.pascal-poirier.com\/index.php?rest_route=%2Fwp%2Fv2%2Fcomments&post=81"}],"version-history":[{"count":17,"href":"https:\/\/www.pascal-poirier.com\/index.php?rest_route=\/wp\/v2\/pages\/81\/revisions"}],"predecessor-version":[{"id":301,"href":"https:\/\/www.pascal-poirier.com\/index.php?rest_route=\/wp\/v2\/pages\/81\/revisions\/301"}],"wp:attachment":[{"href":"https:\/\/www.pascal-poirier.com\/index.php?rest_route=%2Fwp%2Fv2%2Fmedia&parent=81"}],"curies":[{"name":"wp","href":"https:\/\/api.w.org\/{rel}","templated":true}]}}