{"id":59,"date":"2012-03-13T19:13:26","date_gmt":"2012-03-13T19:13:26","guid":{"rendered":"http:\/\/www.webtvrennes.com\/pascal-poirier\/?page_id=59"},"modified":"2018-09-19T16:47:24","modified_gmt":"2018-09-19T16:47:24","slug":"coupe-graphique-04","status":"publish","type":"page","link":"https:\/\/www.pascal-poirier.com\/?page_id=59","title":{"rendered":"Coupe graphique"},"content":{"rendered":"<p style=\"text-align: center;\"><img loading=\"lazy\" width=\"450\" height=\"370\" class=\"aligncenter size-full wp-image-120\" title=\"PASCAL_POIRIER_COUPE_graphique\" src=\"https:\/\/www.pascal-poirier.com\/wp-content\/uploads\/2012\/03\/graphique.jpg\" alt=\"\" srcset=\"https:\/\/www.pascal-poirier.com\/wp-content\/uploads\/2012\/03\/graphique.jpg 450w, https:\/\/www.pascal-poirier.com\/wp-content\/uploads\/2012\/03\/graphique-300x246.jpg 300w\" sizes=\"(max-width: 450px) 100vw, 450px\" \/><\/p>\n<h1 style=\"text-align: center;\">Texture + forme = Style<\/h1>\n<p>La coupe graphique se fait aux ciseaux dans le respect de la texture et du mouvement naturel de vos cheveux.<\/p>\n<p>La forme est cr\u00e9\u00e9e en accord avec votre visage, selon des g\u00e9om\u00e9tries pr\u00e9cises, les effets r\u00e9alis\u00e9s sur le cheveux apportent un style unique et personnalis\u00e9.<\/p>\n<p>R\u00e9sultat : Une coupe stylis\u00e9e, facile \u00e0 vivre, qui \u00e9volue harmonieusement dans le temps. Assurant ainsi\u00a0 un coiffage ou un d\u00e9coiffage minimal.<\/p>\n<p>&nbsp;<\/p>\n","protected":false},"excerpt":{"rendered":"<p>Texture + forme = Style La coupe graphique se fait aux ciseaux dans le respect de la texture et du mouvement naturel de vos cheveux. La forme est cr\u00e9\u00e9e en accord avec votre visage, selon des g\u00e9om\u00e9tries pr\u00e9cises, les effets r\u00e9alis\u00e9s sur le cheveux apportent un style unique et personnalis\u00e9. R\u00e9sultat : Une coupe stylis\u00e9e, &hellip; <\/p>\n<p class=\"link-more\"><a href=\"https:\/\/www.pascal-poirier.com\/?page_id=59\" class=\"more-link\">Continuer la lecture<span class=\"screen-reader-text\"> de &laquo;&nbsp;Coupe graphique&nbsp;&raquo;<\/span><\/a><\/p>\n","protected":false},"author":1,"featured_media":0,"parent":0,"menu_order":4,"comment_status":"closed","ping_status":"closed","template":"","meta":[],"aioseo_notices":[],"_links":{"self":[{"href":"https:\/\/www.pascal-poirier.com\/index.php?rest_route=\/wp\/v2\/pages\/59"}],"collection":[{"href":"https:\/\/www.pascal-poirier.com\/index.php?rest_route=\/wp\/v2\/pages"}],"about":[{"href":"https:\/\/www.pascal-poirier.com\/index.php?rest_route=\/wp\/v2\/types\/page"}],"author":[{"embeddable":true,"href":"https:\/\/www.pascal-poirier.com\/index.php?rest_route=\/wp\/v2\/users\/1"}],"replies":[{"embeddable":true,"href":"https:\/\/www.pascal-poirier.com\/index.php?rest_route=%2Fwp%2Fv2%2Fcomments&post=59"}],"version-history":[{"count":21,"href":"https:\/\/www.pascal-poirier.com\/index.php?rest_route=\/wp\/v2\/pages\/59\/revisions"}],"predecessor-version":[{"id":295,"href":"https:\/\/www.pascal-poirier.com\/index.php?rest_route=\/wp\/v2\/pages\/59\/revisions\/295"}],"wp:attachment":[{"href":"https:\/\/www.pascal-poirier.com\/index.php?rest_route=%2Fwp%2Fv2%2Fmedia&parent=59"}],"curies":[{"name":"wp","href":"https:\/\/api.w.org\/{rel}","templated":true}]}}