{"id":19,"date":"2012-03-11T19:50:25","date_gmt":"2012-03-11T19:50:25","guid":{"rendered":"http:\/\/www.webtvrennes.com\/pascal-poirier\/?page_id=19"},"modified":"2018-02-20T16:18:17","modified_gmt":"2018-02-20T16:18:17","slug":"page-01","status":"publish","type":"page","link":"https:\/\/www.pascal-poirier.com\/","title":{"rendered":"Portrait"},"content":{"rendered":"<p><img loading=\"lazy\" class=\"aligncenter size-full wp-image-180\" title=\"pascal-poirier-PORTRAIT\" src=\"https:\/\/www.pascal-poirier.com\/wp-content\/uploads\/2012\/03\/pascal-poirier-PORTRAIT.jpg\" alt=\"\" width=\"552\" height=\"552\" srcset=\"https:\/\/www.pascal-poirier.com\/wp-content\/uploads\/2012\/03\/pascal-poirier-PORTRAIT.jpg 552w, https:\/\/www.pascal-poirier.com\/wp-content\/uploads\/2012\/03\/pascal-poirier-PORTRAIT-150x150.jpg 150w, https:\/\/www.pascal-poirier.com\/wp-content\/uploads\/2012\/03\/pascal-poirier-PORTRAIT-300x300.jpg 300w\" sizes=\"(max-width: 552px) 100vw, 552px\" \/><\/p>\n<p>Originaire de la ville de Rennes, j&rsquo;ai multipli\u00e9 les exp\u00e9riences personnelles et professionnelles avec cette envie constante d&rsquo;\u00eatre en lien, avec le monde, avec les autres, avec moi-m\u00eame.<\/p>\n<p>Dans mon quotidien, \u00e0 travers la coiffure, j&rsquo;exp\u00e9rimente cette cr\u00e9ativit\u00e9 qui est en chacun de nous.<\/p>\n<p>Je prends plaisir \u00e0 \u00eatre \u00e0 l&rsquo;\u00e9coute, \u00e0 prendre soin, \u00e0 accompagner l&rsquo;autre vers un changement, vers la coupe de cheveux du moment, celle qui r\u00e9sonne juste.<\/p>\n<p>PARCOURS PROFESSIONNEL<\/p>\n<p>Dipl\u00f4m\u00e9 de l&rsquo;acad\u00e9mie Vidal Sassoon (Londres)<br \/>\nMembre de l&rsquo;\u00e9quipe artistique et formateur au salon Mien (Melbourne)<br \/>\nFormateur Ind\u00e9pendant (Australie)<br \/>\nDipl\u00f4m\u00e9 et licenci\u00e9 du groupe Remi Portrait\u00a9 (Paris)<\/p>\n<p style=\"text-align: center;\"><em><img loading=\"lazy\" class=\"aligncenter\" title=\"pascal-poirier-licence-remi-portrait\" src=\"..\/wp-content\/uploads\/2012\/03\/pascal-poirier-licence-remi-portrait.jpg\" alt=\"\" width=\"354\" height=\"362\" \/><\/em><\/p>\n","protected":false},"excerpt":{"rendered":"<p>Originaire de la ville de Rennes, j&rsquo;ai multipli\u00e9 les exp\u00e9riences personnelles et professionnelles avec cette envie constante d&rsquo;\u00eatre en lien, avec le monde, avec les autres, avec moi-m\u00eame. Dans mon quotidien, \u00e0 travers la coiffure, j&rsquo;exp\u00e9rimente cette cr\u00e9ativit\u00e9 qui est en chacun de nous. Je prends plaisir \u00e0 \u00eatre \u00e0 l&rsquo;\u00e9coute, \u00e0 prendre soin, \u00e0 &hellip; <\/p>\n<p class=\"link-more\"><a href=\"https:\/\/www.pascal-poirier.com\/\" class=\"more-link\">Continuer la lecture<span class=\"screen-reader-text\"> de &laquo;&nbsp;Portrait&nbsp;&raquo;<\/span><\/a><\/p>\n","protected":false},"author":1,"featured_media":0,"parent":0,"menu_order":1,"comment_status":"closed","ping_status":"closed","template":"","meta":[],"aioseo_notices":[],"_links":{"self":[{"href":"https:\/\/www.pascal-poirier.com\/index.php?rest_route=\/wp\/v2\/pages\/19"}],"collection":[{"href":"https:\/\/www.pascal-poirier.com\/index.php?rest_route=\/wp\/v2\/pages"}],"about":[{"href":"https:\/\/www.pascal-poirier.com\/index.php?rest_route=\/wp\/v2\/types\/page"}],"author":[{"embeddable":true,"href":"https:\/\/www.pascal-poirier.com\/index.php?rest_route=\/wp\/v2\/users\/1"}],"replies":[{"embeddable":true,"href":"https:\/\/www.pascal-poirier.com\/index.php?rest_route=%2Fwp%2Fv2%2Fcomments&post=19"}],"version-history":[{"count":15,"href":"https:\/\/www.pascal-poirier.com\/index.php?rest_route=\/wp\/v2\/pages\/19\/revisions"}],"predecessor-version":[{"id":270,"href":"https:\/\/www.pascal-poirier.com\/index.php?rest_route=\/wp\/v2\/pages\/19\/revisions\/270"}],"wp:attachment":[{"href":"https:\/\/www.pascal-poirier.com\/index.php?rest_route=%2Fwp%2Fv2%2Fmedia&parent=19"}],"curies":[{"name":"wp","href":"https:\/\/api.w.org\/{rel}","templated":true}]}}